{"id":2154,"date":"2025-11-22T12:29:21","date_gmt":"2025-11-22T11:29:21","guid":{"rendered":"https:\/\/zondyema.com\/?post_type=product&#038;p=2154"},"modified":"2025-11-24T08:21:13","modified_gmt":"2025-11-24T07:21:13","slug":"box-eclat-nocturne-routine-visage-complete","status":"publish","type":"product","link":"https:\/\/zondyema.com\/index.php\/produit\/box-eclat-nocturne-routine-visage-complete\/","title":{"rendered":"Box \u00c9clat Nocturne &#8211; Routine Visage Compl\u00e8te"},"content":{"rendered":"<div class=\"product-description\">\n<h2 class=\"section-title\">Description<\/h2>\n<p class=\"section-text\"><span style=\"font-weight: 400;\">Notre <\/span>R\u00e9v\u00e9lez l\u2019\u00e9clat naturel de votre peau chaque nuit avec la Box \u00c9clat Nocturne. Ce coffret contient tout le n\u00e9cessaire pour un rituel complet de soin du visage : nettoyage doux, hydratation profonde, anti-\u00e2ge et soin du contour des yeux. Id\u00e9al pour nourrir, r\u00e9g\u00e9n\u00e9rer et illuminer la peau pendant le sommeil.<\/p>\n<\/div>\n<div class=\"product-description\">\n<h2 class=\"section-title\">Produits inclus<\/h2>\n<p class=\"section-text\"><b>Gel Nettoyant Visage \u00e0 l\u2019Huile d\u2019Argan<\/b><span style=\"font-weight: 400;\"> : nettoie votre peau en profondeur sans la dess\u00e9cher, \u00e9limine impuret\u00e9s et exc\u00e8s de s\u00e9bum. La <\/span><b>peau <\/b><span style=\"font-weight: 400;\">reste<\/span><b> fra\u00eeche<\/b><span style=\"font-weight: 400;\">. <a href=\"https:\/\/zondyema.com\/index.php\/produit\/gel-nettoyant-doux-a-base-dargan\/\" target=\"_blank\" rel=\"noopener\">En savoir plus.<\/a><\/span><\/p>\n<p class=\"section-text\"><b>Cr\u00e8me de Nuit R\u00e9g\u00e9n\u00e9rante \u00e0 l\u2019Huile d\u2019Argan &amp; Figue de Barbarie<\/b><span style=\"font-weight: 400;\"> : nourrit intens\u00e9ment et redonne de l\u2019\u00e9clat pendant la nuit. Votre peau est <\/span><b>douce, homog\u00e8ne et lisse<\/b><span style=\"font-weight: 400;\"> au r\u00e9veil. <\/span><b>Vous allez adorer sa texture l\u00e9g\u00e8re et agr\u00e9able<\/b><span style=\"font-weight: 400;\">. <a href=\"https:\/\/zondyema.com\/index.php\/produit\/creme-regenerante-a-lhuile-dargan-figue-de-barbarie\/\" target=\"_blank\" rel=\"noopener\">En savoir plus.<\/a><\/span><\/p>\n<p class=\"section-text\"><b>Cr\u00e8me Anti-cernes \u00e0 la Caf\u00e9ine<\/b><span style=\"font-weight: 400;\"> : r\u00e9duit visiblement poches et cernes, lisse le contour des yeux et apporte un coup d\u2019<\/span><b>\u00e9clat instantan\u00e9<\/b><span style=\"font-weight: 400;\">. <a href=\"https:\/\/zondyema.com\/index.php\/produit\/creme-anticernes-a-la-cafeine\/\" target=\"_blank\" rel=\"noopener\">En savoir plus.<\/a><\/span><\/p>\n<p class=\"section-text\"><b>S\u00e9rum Royal Anti-\u00c2ge<\/b><span style=\"font-weight: 400;\"> : hydrate profond\u00e9ment, r\u00e9duit rides et ridules, et rend la peau plus ferme. Il apporte un effet <\/span><b>peau radieuse et tonifi\u00e9e<\/b><span style=\"font-weight: 400;\">. Vous allez sentir la diff\u00e9rence d\u00e8s les premi\u00e8res applications. <a href=\"https:\/\/zondyema.com\/index.php\/produit\/serum-anti-age-royal-or-pur\/\" target=\"_blank\" rel=\"noopener\">En savoir plus.<\/a><\/span><\/p>\n<\/div>\n<div class=\"utilisation\">\n<h2 class=\"section-title\">Utilisation<\/h2>\n<p class=\"section-text\"><span style=\"font-weight: 400;\">Commencez votre routine en appliquant le <\/span><b>gel nettoyant<\/b><span style=\"font-weight: 400;\"> sur une peau l\u00e9g\u00e8rement humide, massez doucement en mouvements circulaires, puis rincez. Ensuite, appliquez une petite quantit\u00e9 de <\/span><b>cr\u00e8me anti cernes<\/b><span style=\"font-weight: 400;\"> sous les yeux et\u00a0 laissez p\u00e9n\u00e9trer quelques minutes..<\/span><br \/>\nAppliquez ensuite quelques gouttes du <b>s\u00e9rum royal anti-\u00e2ge<\/b><span style=\"font-weight: 400;\"> sur le visage et le cou, en massant avec des mouvements circulaires jusqu\u2019\u00e0 absorption compl\u00e8te, pour hydrater et lisser la peau. Terminez votre routine en appliquant la <\/span><b>cr\u00e8me de nuit r\u00e9g\u00e9n\u00e9rante<\/b><span style=\"font-weight: 400;\"> sur l\u2019ensemble du visage et du cou, pour nourrir et r\u00e9g\u00e9n\u00e9rer votre peau tout au long de la nuit.<\/span><\/p>\n<\/div>\n<div class=\"ingredients\">\n<h2 class=\"section-title\">Liste des ingr\u00e9dients (INCI)<\/h2>\n<p class=\"section-text\"><b>Gel Nettoyant Visage \u00e0 l\u2019Huile d\u2019Argan<\/b><span style=\"font-weight: 400;\"> : Aqua, Cocamidopropyl Betaine, Glycerin, Coco-Glucoside, Argania Spinosa Kernel Oil, Propylene Glycol, Chamomilla Recutita Flower Extract, Calendula Officinalis Flower Extract, Arctium Lappa Root Extract, Sodium Chloride, PEG-7 Glyceryl Cocoate, Phenoxyethanol, Citric Acid, Parfum, DMDM Hydantoin, Disodium EDTA, Panthenol.<\/span><\/p>\n<p class=\"section-text\"><b>Cr\u00e8me de Nuit R\u00e9g\u00e9n\u00e9rante \u00e0 l\u2019Huile d\u2019Argan et Figue de Barbarie<\/b><span style=\"font-weight: 400;\"> : Aqua qsp, Acide St\u00e9arique, Solution de NaOH qsp pH, Glycerin, Vitamine E, Opuntia Ficus-Indica Seed Oil, Argania Spinosa Kernel Oil, Ethylhexyl Stearate, Dicaprylyl Carbonate, Caprylic\/Capric Triglyceride, Octyl Palmitate, Butyrospermum Parkii Butter, Lanette O, Cutina GMS, Xanthan Gum, Coviox, Phenoxyethanol, Dimethicone, Myristate d\u2019Isopropyle, Parfum.<\/span><\/p>\n<p class=\"section-text\"><b>Cr\u00e8me Anti-cernes \u00e0 la Caf\u00e9ine<\/b><span style=\"font-weight: 400;\"> : Aqua, Glycerin, Butyrospermum Parkii Butter, Tocopherol, Cera Alba, Opuntia Ficus-Indica Seed Oil, Argania Spinosa Kernel Oil, Prunus Persica Kernel Extract, Coconut Extract, Simmondsia Chinensis Seed Oil, Stearic Acid, Xanthan Gum, Caffeine, Benzyl Alcohol, Niacinamide, Sodium Benzoate, Potassium Sorbate.<\/span><\/p>\n<p class=\"section-text\"><b>S\u00e9rum Royal Anti-\u00e2ge<\/b><span style=\"font-weight: 400;\"> : Opuntia Ficus-Indica Seed Oil, Simmondsia Chinensis Oil, Vitis Vinifera Seed Oil, Prunus Amygdalus Dulcis Oil, Oenothera Biennis Oil, Tocopherol, Royal Jelly, Argania Spinosa Kernel Oil, Borago Officinalis Oil, Rosa Rubiginosa Oil.<\/span><\/p>\n<\/div>\n","protected":false},"excerpt":{"rendered":"<p>Description Notre R\u00e9v\u00e9lez l\u2019\u00e9clat naturel de votre peau chaque nuit avec la Box \u00c9clat Nocturne. Ce coffret contient tout le<\/p>\n","protected":false},"featured_media":2155,"comment_status":"open","ping_status":"closed","template":"","meta":[],"product_brand":[],"product_cat":[21],"product_tag":[],"class_list":{"0":"post-2154","1":"product","2":"type-product","3":"status-publish","4":"has-post-thumbnail","6":"product_cat-visage-soin-visage","8":"first","9":"instock","10":"sale","11":"shipping-taxable","12":"purchasable","13":"product-type-simple"},"yoast_head":"<!-- This site is optimized with the Yoast SEO plugin v27.1.1 - https:\/\/yoast.com\/product\/yoast-seo-wordpress\/ -->\n<title>Box \u00c9clat Nocturne - Routine Visage Compl\u00e8te | Zondyema<\/title>\n<meta name=\"description\" content=\"D\u00e9couvrez la Box \u00c9clat Nocturne pour le visage : gel nettoyant doux, cr\u00e8me hydratante nourrissante, s\u00e9rum anti-\u00e2ge et cr\u00e8me anticernes. Pour une peau hydrat\u00e9e et \u00e9clatante.\" \/>\n<meta name=\"robots\" content=\"index, follow, max-snippet:-1, max-image-preview:large, max-video-preview:-1\" \/>\n<link rel=\"canonical\" href=\"https:\/\/zondyema.com\/index.php\/produit\/box-eclat-nocturne-routine-visage-complete\/\" \/>\n<meta property=\"og:locale\" content=\"fr_FR\" \/>\n<meta property=\"og:type\" content=\"article\" \/>\n<meta property=\"og:title\" content=\"Box \u00c9clat Nocturne - Routine Visage Compl\u00e8te | Zondyema\" \/>\n<meta property=\"og:description\" content=\"D\u00e9couvrez la Box \u00c9clat Nocturne pour le visage : gel nettoyant doux, cr\u00e8me hydratante nourrissante, s\u00e9rum anti-\u00e2ge et cr\u00e8me anticernes. Pour une peau hydrat\u00e9e et \u00e9clatante.\" \/>\n<meta property=\"og:url\" content=\"https:\/\/zondyema.com\/index.php\/produit\/box-eclat-nocturne-routine-visage-complete\/\" \/>\n<meta property=\"og:site_name\" content=\"Zondyema\" \/>\n<meta property=\"article:modified_time\" content=\"2025-11-24T07:21:13+00:00\" \/>\n<meta property=\"og:image\" content=\"https:\/\/zondyema.com\/wp-content\/uploads\/2025\/11\/img-800-on-800.png\" \/>\n\t<meta property=\"og:image:width\" content=\"800\" \/>\n\t<meta property=\"og:image:height\" content=\"800\" \/>\n\t<meta property=\"og:image:type\" content=\"image\/png\" \/>\n<meta name=\"twitter:card\" content=\"summary_large_image\" \/>\n<meta name=\"twitter:label1\" content=\"Dur\u00e9e de lecture estim\u00e9e\" \/>\n\t<meta name=\"twitter:data1\" content=\"3 minutes\" \/>\n<script type=\"application\/ld+json\" class=\"yoast-schema-graph\">{\"@context\":\"https:\/\/schema.org\",\"@graph\":[{\"@type\":\"WebPage\",\"@id\":\"https:\/\/zondyema.com\/index.php\/produit\/box-eclat-nocturne-routine-visage-complete\/\",\"url\":\"https:\/\/zondyema.com\/index.php\/produit\/box-eclat-nocturne-routine-visage-complete\/\",\"name\":\"Box \u00c9clat Nocturne - Routine Visage Compl\u00e8te | Zondyema\",\"isPartOf\":{\"@id\":\"https:\/\/zondyema.com\/#website\"},\"primaryImageOfPage\":{\"@id\":\"https:\/\/zondyema.com\/index.php\/produit\/box-eclat-nocturne-routine-visage-complete\/#primaryimage\"},\"image\":{\"@id\":\"https:\/\/zondyema.com\/index.php\/produit\/box-eclat-nocturne-routine-visage-complete\/#primaryimage\"},\"thumbnailUrl\":\"https:\/\/zondyema.com\/wp-content\/uploads\/2025\/11\/img-800-on-800.png\",\"datePublished\":\"2025-11-22T11:29:21+00:00\",\"dateModified\":\"2025-11-24T07:21:13+00:00\",\"description\":\"D\u00e9couvrez la Box \u00c9clat Nocturne pour le visage : gel nettoyant doux, cr\u00e8me hydratante nourrissante, s\u00e9rum anti-\u00e2ge et cr\u00e8me anticernes. Pour une peau hydrat\u00e9e et \u00e9clatante.\",\"breadcrumb\":{\"@id\":\"https:\/\/zondyema.com\/index.php\/produit\/box-eclat-nocturne-routine-visage-complete\/#breadcrumb\"},\"inLanguage\":\"fr-FR\",\"potentialAction\":[{\"@type\":\"ReadAction\",\"target\":[\"https:\/\/zondyema.com\/index.php\/produit\/box-eclat-nocturne-routine-visage-complete\/\"]}]},{\"@type\":\"ImageObject\",\"inLanguage\":\"fr-FR\",\"@id\":\"https:\/\/zondyema.com\/index.php\/produit\/box-eclat-nocturne-routine-visage-complete\/#primaryimage\",\"url\":\"https:\/\/zondyema.com\/wp-content\/uploads\/2025\/11\/img-800-on-800.png\",\"contentUrl\":\"https:\/\/zondyema.com\/wp-content\/uploads\/2025\/11\/img-800-on-800.png\",\"width\":800,\"height\":800},{\"@type\":\"BreadcrumbList\",\"@id\":\"https:\/\/zondyema.com\/index.php\/produit\/box-eclat-nocturne-routine-visage-complete\/#breadcrumb\",\"itemListElement\":[{\"@type\":\"ListItem\",\"position\":1,\"name\":\"Accueil\",\"item\":\"https:\/\/zondyema.com\/\"},{\"@type\":\"ListItem\",\"position\":2,\"name\":\"Boutique\",\"item\":\"https:\/\/zondyema.com\/index.php\/boutique\/\"},{\"@type\":\"ListItem\",\"position\":3,\"name\":\"Box \u00c9clat Nocturne &#8211; Routine Visage Compl\u00e8te\"}]},{\"@type\":\"WebSite\",\"@id\":\"https:\/\/zondyema.com\/#website\",\"url\":\"https:\/\/zondyema.com\/\",\"name\":\"Zondyema\",\"description\":\"\",\"potentialAction\":[{\"@type\":\"SearchAction\",\"target\":{\"@type\":\"EntryPoint\",\"urlTemplate\":\"https:\/\/zondyema.com\/?s={search_term_string}\"},\"query-input\":{\"@type\":\"PropertyValueSpecification\",\"valueRequired\":true,\"valueName\":\"search_term_string\"}}],\"inLanguage\":\"fr-FR\"}]}<\/script>\n<!-- \/ Yoast SEO plugin. -->","yoast_head_json":{"title":"Box \u00c9clat Nocturne - Routine Visage Compl\u00e8te | Zondyema","description":"D\u00e9couvrez la Box \u00c9clat Nocturne pour le visage : gel nettoyant doux, cr\u00e8me hydratante nourrissante, s\u00e9rum anti-\u00e2ge et cr\u00e8me anticernes. Pour une peau hydrat\u00e9e et \u00e9clatante.","robots":{"index":"index","follow":"follow","max-snippet":"max-snippet:-1","max-image-preview":"max-image-preview:large","max-video-preview":"max-video-preview:-1"},"canonical":"https:\/\/zondyema.com\/index.php\/produit\/box-eclat-nocturne-routine-visage-complete\/","og_locale":"fr_FR","og_type":"article","og_title":"Box \u00c9clat Nocturne - Routine Visage Compl\u00e8te | Zondyema","og_description":"D\u00e9couvrez la Box \u00c9clat Nocturne pour le visage : gel nettoyant doux, cr\u00e8me hydratante nourrissante, s\u00e9rum anti-\u00e2ge et cr\u00e8me anticernes. Pour une peau hydrat\u00e9e et \u00e9clatante.","og_url":"https:\/\/zondyema.com\/index.php\/produit\/box-eclat-nocturne-routine-visage-complete\/","og_site_name":"Zondyema","article_modified_time":"2025-11-24T07:21:13+00:00","og_image":[{"width":800,"height":800,"url":"https:\/\/zondyema.com\/wp-content\/uploads\/2025\/11\/img-800-on-800.png","type":"image\/png"}],"twitter_card":"summary_large_image","twitter_misc":{"Dur\u00e9e de lecture estim\u00e9e":"3 minutes"},"schema":{"@context":"https:\/\/schema.org","@graph":[{"@type":"WebPage","@id":"https:\/\/zondyema.com\/index.php\/produit\/box-eclat-nocturne-routine-visage-complete\/","url":"https:\/\/zondyema.com\/index.php\/produit\/box-eclat-nocturne-routine-visage-complete\/","name":"Box \u00c9clat Nocturne - Routine Visage Compl\u00e8te | Zondyema","isPartOf":{"@id":"https:\/\/zondyema.com\/#website"},"primaryImageOfPage":{"@id":"https:\/\/zondyema.com\/index.php\/produit\/box-eclat-nocturne-routine-visage-complete\/#primaryimage"},"image":{"@id":"https:\/\/zondyema.com\/index.php\/produit\/box-eclat-nocturne-routine-visage-complete\/#primaryimage"},"thumbnailUrl":"https:\/\/zondyema.com\/wp-content\/uploads\/2025\/11\/img-800-on-800.png","datePublished":"2025-11-22T11:29:21+00:00","dateModified":"2025-11-24T07:21:13+00:00","description":"D\u00e9couvrez la Box \u00c9clat Nocturne pour le visage : gel nettoyant doux, cr\u00e8me hydratante nourrissante, s\u00e9rum anti-\u00e2ge et cr\u00e8me anticernes. Pour une peau hydrat\u00e9e et \u00e9clatante.","breadcrumb":{"@id":"https:\/\/zondyema.com\/index.php\/produit\/box-eclat-nocturne-routine-visage-complete\/#breadcrumb"},"inLanguage":"fr-FR","potentialAction":[{"@type":"ReadAction","target":["https:\/\/zondyema.com\/index.php\/produit\/box-eclat-nocturne-routine-visage-complete\/"]}]},{"@type":"ImageObject","inLanguage":"fr-FR","@id":"https:\/\/zondyema.com\/index.php\/produit\/box-eclat-nocturne-routine-visage-complete\/#primaryimage","url":"https:\/\/zondyema.com\/wp-content\/uploads\/2025\/11\/img-800-on-800.png","contentUrl":"https:\/\/zondyema.com\/wp-content\/uploads\/2025\/11\/img-800-on-800.png","width":800,"height":800},{"@type":"BreadcrumbList","@id":"https:\/\/zondyema.com\/index.php\/produit\/box-eclat-nocturne-routine-visage-complete\/#breadcrumb","itemListElement":[{"@type":"ListItem","position":1,"name":"Accueil","item":"https:\/\/zondyema.com\/"},{"@type":"ListItem","position":2,"name":"Boutique","item":"https:\/\/zondyema.com\/index.php\/boutique\/"},{"@type":"ListItem","position":3,"name":"Box \u00c9clat Nocturne &#8211; Routine Visage Compl\u00e8te"}]},{"@type":"WebSite","@id":"https:\/\/zondyema.com\/#website","url":"https:\/\/zondyema.com\/","name":"Zondyema","description":"","potentialAction":[{"@type":"SearchAction","target":{"@type":"EntryPoint","urlTemplate":"https:\/\/zondyema.com\/?s={search_term_string}"},"query-input":{"@type":"PropertyValueSpecification","valueRequired":true,"valueName":"search_term_string"}}],"inLanguage":"fr-FR"}]}},"_links":{"self":[{"href":"https:\/\/zondyema.com\/index.php\/wp-json\/wp\/v2\/product\/2154","targetHints":{"allow":["GET"]}}],"collection":[{"href":"https:\/\/zondyema.com\/index.php\/wp-json\/wp\/v2\/product"}],"about":[{"href":"https:\/\/zondyema.com\/index.php\/wp-json\/wp\/v2\/types\/product"}],"replies":[{"embeddable":true,"href":"https:\/\/zondyema.com\/index.php\/wp-json\/wp\/v2\/comments?post=2154"}],"version-history":[{"count":8,"href":"https:\/\/zondyema.com\/index.php\/wp-json\/wp\/v2\/product\/2154\/revisions"}],"predecessor-version":[{"id":2182,"href":"https:\/\/zondyema.com\/index.php\/wp-json\/wp\/v2\/product\/2154\/revisions\/2182"}],"wp:featuredmedia":[{"embeddable":true,"href":"https:\/\/zondyema.com\/index.php\/wp-json\/wp\/v2\/media\/2155"}],"wp:attachment":[{"href":"https:\/\/zondyema.com\/index.php\/wp-json\/wp\/v2\/media?parent=2154"}],"wp:term":[{"taxonomy":"product_brand","embeddable":true,"href":"https:\/\/zondyema.com\/index.php\/wp-json\/wp\/v2\/product_brand?post=2154"},{"taxonomy":"product_cat","embeddable":true,"href":"https:\/\/zondyema.com\/index.php\/wp-json\/wp\/v2\/product_cat?post=2154"},{"taxonomy":"product_tag","embeddable":true,"href":"https:\/\/zondyema.com\/index.php\/wp-json\/wp\/v2\/product_tag?post=2154"}],"curies":[{"name":"wp","href":"https:\/\/api.w.org\/{rel}","templated":true}]}}