{"id":1178,"date":"2025-07-12T14:22:21","date_gmt":"2025-07-12T12:22:21","guid":{"rendered":"https:\/\/zondyema.com\/?page_id=1178"},"modified":"2025-08-02T03:48:35","modified_gmt":"2025-08-02T01:48:35","slug":"actualites","status":"publish","type":"page","link":"https:\/\/zondyema.com\/index.php\/actualites\/","title":{"rendered":"actualites"},"content":{"rendered":"\t\t<div data-elementor-type=\"wp-page\" data-elementor-id=\"1178\" class=\"elementor elementor-1178\" data-elementor-post-type=\"page\">\n\t\t\t\t<div class=\"wd-negative-gap elementor-element elementor-element-6b18690 e-flex e-con-boxed e-con e-parent\" data-id=\"6b18690\" data-element_type=\"container\">\n\t\t\t\t\t<div class=\"e-con-inner\">\n\t\t\t\t<div class=\"elementor-element elementor-element-7303c73 elementor-widget__width-initial elementor-widget elementor-widget-heading\" data-id=\"7303c73\" data-element_type=\"widget\" data-widget_type=\"heading.default\">\n\t\t\t\t<div class=\"elementor-widget-container\">\n\t\t\t\t\t<h1 class=\"elementor-heading-title elementor-size-default\"><span style=\"font-weight: 600\"> R\u00e9v\u00e9lez l\u2019\u00e9clat naturel de votre peau<\/span> <br> avec des soins authentiquese  <\/h1>\t\t\t\t<\/div>\n\t\t\t\t<\/div>\n\t\t\t\t<div class=\"elementor-element elementor-element-8bdb192 color-scheme-inherit text-left elementor-widget elementor-widget-text-editor\" data-id=\"8bdb192\" data-element_type=\"widget\" data-widget_type=\"text-editor.default\">\n\t\t\t\t<div class=\"elementor-widget-container\">\n\t\t\t\t\t\t\t\t\t<p><span style=\"font-weight: 400;\">inspir\u00e9s des rituels marocains.<\/span><\/p>\t\t\t\t\t\t\t\t<\/div>\n\t\t\t\t<\/div>\n\t\t\t\t<div class=\"elementor-element elementor-element-8f9bdae elementor-absolute elementor-hidden-mobile_extra elementor-hidden-mobile elementor-widget elementor-widget-image\" data-id=\"8f9bdae\" data-element_type=\"widget\" data-settings=\"{&quot;_position&quot;:&quot;absolute&quot;}\" data-widget_type=\"image.default\">\n\t\t\t\t<div class=\"elementor-widget-container\">\n\t\t\t\t\t\t\t\t\t\t\t\t\t\t\t<img fetchpriority=\"high\" decoding=\"async\" width=\"369\" height=\"536\" src=\"https:\/\/zondyema.com\/wp-content\/uploads\/2025\/06\/contact1.png\" class=\"attachment-full size-full wp-image-1051\" alt=\"\" srcset=\"https:\/\/zondyema.com\/wp-content\/uploads\/2025\/06\/contact1.png 369w, https:\/\/zondyema.com\/wp-content\/uploads\/2025\/06\/contact1-207x300.png 207w, https:\/\/zondyema.com\/wp-content\/uploads\/2025\/06\/contact1-200x291.png 200w, https:\/\/zondyema.com\/wp-content\/uploads\/2025\/06\/contact1-150x218.png 150w\" sizes=\"(max-width: 369px) 100vw, 369px\" \/>\t\t\t\t\t\t\t\t\t\t\t\t\t\t\t<\/div>\n\t\t\t\t<\/div>\n\t\t\t\t<div class=\"elementor-element elementor-element-c6260b8 elementor-absolute elementor-hidden-mobile_extra elementor-hidden-mobile elementor-widget elementor-widget-image\" data-id=\"c6260b8\" data-element_type=\"widget\" data-settings=\"{&quot;_position&quot;:&quot;absolute&quot;}\" data-widget_type=\"image.default\">\n\t\t\t\t<div class=\"elementor-widget-container\">\n\t\t\t\t\t\t\t\t\t\t\t\t\t\t\t<img decoding=\"async\" width=\"247\" height=\"348\" src=\"https:\/\/zondyema.com\/wp-content\/uploads\/2025\/07\/image-2.png\" class=\"attachment-full size-full wp-image-1205\" alt=\"\" srcset=\"https:\/\/zondyema.com\/wp-content\/uploads\/2025\/07\/image-2.png 247w, https:\/\/zondyema.com\/wp-content\/uploads\/2025\/07\/image-2-213x300.png 213w, https:\/\/zondyema.com\/wp-content\/uploads\/2025\/07\/image-2-200x282.png 200w, https:\/\/zondyema.com\/wp-content\/uploads\/2025\/07\/image-2-150x211.png 150w\" sizes=\"(max-width: 247px) 100vw, 247px\" \/>\t\t\t\t\t\t\t\t\t\t\t\t\t\t\t<\/div>\n\t\t\t\t<\/div>\n\t\t\t\t\t<\/div>\n\t\t\t\t<\/div>\n\t\t<div class=\"wd-negative-gap elementor-element elementor-element-298e618 elementor-hidden-tablet elementor-hidden-mobile_extra elementor-hidden-mobile e-flex e-con-boxed e-con e-parent\" data-id=\"298e618\" data-element_type=\"container\">\n\t\t\t\t\t<div class=\"e-con-inner\">\n\t\t\t\t<div class=\"elementor-element elementor-element-10d5e55 elementor-view-default elementor-widget elementor-widget-icon\" data-id=\"10d5e55\" data-element_type=\"widget\" data-widget_type=\"icon.default\">\n\t\t\t\t<div class=\"elementor-widget-container\">\n\t\t\t\t\t\t\t<div class=\"elementor-icon-wrapper\">\n\t\t\t<a class=\"elementor-icon\" href=\"#main\">\n\t\t\t<svg xmlns=\"http:\/\/www.w3.org\/2000\/svg\" width=\"126\" height=\"152\" viewBox=\"0 0 126 152\" fill=\"none\"><rect x=\"0.5\" y=\"0.5\" width=\"125\" height=\"151\" rx=\"62.5\" stroke=\"black\"><\/rect><path d=\"M63 56L63 96\" stroke=\"black\" stroke-width=\"2\" stroke-linecap=\"round\"><\/path><\/svg>\t\t\t<\/a>\n\t\t<\/div>\n\t\t\t\t\t\t<\/div>\n\t\t\t\t<\/div>\n\t\t\t\t\t<\/div>\n\t\t\t\t<\/div>\n\t\t<div class=\"wd-negative-gap elementor-element elementor-element-f8c4d7a e-flex e-con-boxed e-con e-parent\" data-id=\"f8c4d7a\" data-element_type=\"container\" id=\"main\">\n\t\t\t\t\t<div class=\"e-con-inner\">\n\t\t\t\t<div class=\"elementor-element elementor-element-eb9533f elementor-grid-3 elementor-grid-tablet-2 elementor-grid-mobile-1 elementor-widget elementor-widget-loop-grid\" data-id=\"eb9533f\" data-element_type=\"widget\" data-settings=\"{&quot;template_id&quot;:1180,&quot;_skin&quot;:&quot;post&quot;,&quot;columns&quot;:&quot;3&quot;,&quot;columns_tablet&quot;:&quot;2&quot;,&quot;columns_mobile&quot;:&quot;1&quot;,&quot;edit_handle_selector&quot;:&quot;[data-elementor-type=\\&quot;loop-item\\&quot;]&quot;,&quot;row_gap&quot;:{&quot;unit&quot;:&quot;px&quot;,&quot;size&quot;:&quot;&quot;,&quot;sizes&quot;:[]},&quot;row_gap_widescreen&quot;:{&quot;unit&quot;:&quot;px&quot;,&quot;size&quot;:&quot;&quot;,&quot;sizes&quot;:[]},&quot;row_gap_laptop&quot;:{&quot;unit&quot;:&quot;px&quot;,&quot;size&quot;:&quot;&quot;,&quot;sizes&quot;:[]},&quot;row_gap_tablet_extra&quot;:{&quot;unit&quot;:&quot;px&quot;,&quot;size&quot;:&quot;&quot;,&quot;sizes&quot;:[]},&quot;row_gap_tablet&quot;:{&quot;unit&quot;:&quot;px&quot;,&quot;size&quot;:&quot;&quot;,&quot;sizes&quot;:[]},&quot;row_gap_mobile_extra&quot;:{&quot;unit&quot;:&quot;px&quot;,&quot;size&quot;:&quot;&quot;,&quot;sizes&quot;:[]},&quot;row_gap_mobile&quot;:{&quot;unit&quot;:&quot;px&quot;,&quot;size&quot;:&quot;&quot;,&quot;sizes&quot;:[]}}\" data-widget_type=\"loop-grid.post\">\n\t\t\t\t<div class=\"elementor-widget-container\">\n\t\t\t\t\t\t\t<div class=\"elementor-loop-container elementor-grid\" role=\"list\">\n\t\t<style id=\"loop-1180\">.elementor-1180 .elementor-element.elementor-element-8d38e0c{--display:flex;--flex-direction:column;--container-widget-width:100%;--container-widget-height:initial;--container-widget-flex-grow:0;--container-widget-align-self:initial;--flex-wrap-mobile:wrap;}.elementor-1180 .elementor-element.elementor-element-0ae2297{--display:flex;--padding-top:0px;--padding-bottom:10px;--padding-left:10px;--padding-right:10px;}.elementor-1180 .elementor-element.elementor-element-8d9d095 .elementor-heading-title{font-family:\"Poppins\", Sans-serif;font-weight:400;}.elementor-1180 .elementor-element.elementor-element-5624363 .elementor-widget-container{font-family:\"Poppins\", Sans-serif;font-size:17px;font-weight:400;color:#000000;}.elementor-1180 .elementor-element.elementor-element-4ab81d2 .elementor-button{background-color:#02010100;font-family:\"Poppins\", Sans-serif;font-size:18px;font-weight:600;fill:#000000;color:#000000;border-style:solid;border-width:0px 0px 2px 0px;border-color:#355E3B;border-radius:0px 0px 0px 0px;padding:0px 0px 10px 0px;}.elementor-1180 .elementor-element.elementor-element-4ab81d2 > .elementor-widget-container{padding:0px 0px 0px 0px;}.elementor-1180 .elementor-element.elementor-element-4ab81d2.elementor-element{--align-self:flex-start;}@media(max-width:800px){.elementor-1180 .elementor-element.elementor-element-8d9d095 .elementor-heading-title{font-size:22px;}.elementor-1180 .elementor-element.elementor-element-5624363 .elementor-widget-container{font-size:16px;}}<\/style>\t\t<div data-elementor-type=\"loop-item\" data-elementor-id=\"1180\" class=\"elementor elementor-1180 e-loop-item e-loop-item-1973 post-1973 post type-post status-publish format-standard has-post-thumbnail hentry category-cheveux\" data-elementor-post-type=\"elementor_library\" data-custom-edit-handle=\"1\">\n\t\t\t<div class=\"wd-negative-gap elementor-element elementor-element-8d38e0c e-flex e-con-boxed e-con e-parent\" data-id=\"8d38e0c\" data-element_type=\"container\">\n\t\t\t\t\t<div class=\"e-con-inner\">\n\t\t\t\t<div class=\"elementor-element elementor-element-88523db elementor-widget elementor-widget-theme-post-featured-image elementor-widget-image\" data-id=\"88523db\" data-element_type=\"widget\" data-widget_type=\"theme-post-featured-image.default\">\n\t\t\t\t<div class=\"elementor-widget-container\">\n\t\t\t\t\t\t\t\t\t\t\t\t\t\t\t<img decoding=\"async\" width=\"1200\" height=\"742\" src=\"https:\/\/zondyema.com\/wp-content\/uploads\/2024\/10\/c2-blg-2-opt.jpg\" class=\"attachment-full size-full wp-image-663\" alt=\"\" srcset=\"https:\/\/zondyema.com\/wp-content\/uploads\/2024\/10\/c2-blg-2-opt.jpg 1200w, https:\/\/zondyema.com\/wp-content\/uploads\/2024\/10\/c2-blg-2-opt-150x93.jpg 150w\" sizes=\"(max-width: 1200px) 100vw, 1200px\" \/>\t\t\t\t\t\t\t\t\t\t\t\t\t\t\t<\/div>\n\t\t\t\t<\/div>\n\t\t<div class=\"elementor-element elementor-element-0ae2297 e-con-full e-flex e-con e-child\" data-id=\"0ae2297\" data-element_type=\"container\">\n\t\t\t\t<div class=\"elementor-element elementor-element-8d9d095 elementor-widget elementor-widget-theme-post-title elementor-page-title elementor-widget-heading\" data-id=\"8d9d095\" data-element_type=\"widget\" data-widget_type=\"theme-post-title.default\">\n\t\t\t\t<div class=\"elementor-widget-container\">\n\t\t\t\t\t<h1 class=\"elementor-heading-title elementor-size-default\">Soins capillaires naturels : combattre la chute des cheveux et retrouver brillance<\/h1>\t\t\t\t<\/div>\n\t\t\t\t<\/div>\n\t\t\t\t<div class=\"elementor-element elementor-element-5624363 elementor-widget elementor-widget-theme-post-excerpt\" data-id=\"5624363\" data-element_type=\"widget\" data-widget_type=\"theme-post-excerpt.default\">\n\t\t\t\t<div class=\"elementor-widget-container\">\n\t\t\t\t\t<p>Introduction L\u2019huile d\u2019argan pour cheveux est un v\u00e9ritable tr\u00e9sor naturel pour pr\u00e9venir la chute et redonner \u00e9clat et force \u00e0<\/p>\t\t\t\t<\/div>\n\t\t\t\t<\/div>\n\t\t\t\t<div class=\"elementor-element elementor-element-4ab81d2 elementor-align-left elementor-widget elementor-widget-button\" data-id=\"4ab81d2\" data-element_type=\"widget\" data-widget_type=\"button.default\">\n\t\t\t\t<div class=\"elementor-widget-container\">\n\t\t\t\t\t\t\t\t\t<div class=\"elementor-button-wrapper\">\n\t\t\t\t\t<a class=\"elementor-button elementor-button-link elementor-size-sm\" href=\"https:\/\/zondyema.com\/index.php\/2025\/09\/15\/soins-capillaires-naturels-combattre-la-chute-des-cheveux-et-retrouver-brillance\/\">\n\t\t\t\t\t\t<span class=\"elementor-button-content-wrapper\">\n\t\t\t\t\t\t\t\t\t<span class=\"elementor-button-text\">Lire plus<\/span>\n\t\t\t\t\t<\/span>\n\t\t\t\t\t<\/a>\n\t\t\t\t<\/div>\n\t\t\t\t\t\t\t\t<\/div>\n\t\t\t\t<\/div>\n\t\t\t\t<\/div>\n\t\t\t\t\t<\/div>\n\t\t\t\t<\/div>\n\t\t\t\t<\/div>\n\t\t\t\t<div data-elementor-type=\"loop-item\" data-elementor-id=\"1180\" class=\"elementor elementor-1180 e-loop-item e-loop-item-1970 post-1970 post type-post status-publish format-standard has-post-thumbnail hentry category-visage\" data-elementor-post-type=\"elementor_library\" data-custom-edit-handle=\"1\">\n\t\t\t<div class=\"wd-negative-gap elementor-element elementor-element-8d38e0c e-flex e-con-boxed e-con e-parent\" data-id=\"8d38e0c\" data-element_type=\"container\">\n\t\t\t\t\t<div class=\"e-con-inner\">\n\t\t\t\t<div class=\"elementor-element elementor-element-88523db elementor-widget elementor-widget-theme-post-featured-image elementor-widget-image\" data-id=\"88523db\" data-element_type=\"widget\" data-widget_type=\"theme-post-featured-image.default\">\n\t\t\t\t<div class=\"elementor-widget-container\">\n\t\t\t\t\t\t\t\t\t\t\t\t\t\t\t<img loading=\"lazy\" decoding=\"async\" width=\"1200\" height=\"742\" src=\"https:\/\/zondyema.com\/wp-content\/uploads\/2024\/10\/c2-blg-1-opt.jpg\" class=\"attachment-full size-full wp-image-702\" alt=\"\" srcset=\"https:\/\/zondyema.com\/wp-content\/uploads\/2024\/10\/c2-blg-1-opt.jpg 1200w, https:\/\/zondyema.com\/wp-content\/uploads\/2024\/10\/c2-blg-1-opt-150x93.jpg 150w\" sizes=\"(max-width: 1200px) 100vw, 1200px\" \/>\t\t\t\t\t\t\t\t\t\t\t\t\t\t\t<\/div>\n\t\t\t\t<\/div>\n\t\t<div class=\"elementor-element elementor-element-0ae2297 e-con-full e-flex e-con e-child\" data-id=\"0ae2297\" data-element_type=\"container\">\n\t\t\t\t<div class=\"elementor-element elementor-element-8d9d095 elementor-widget elementor-widget-theme-post-title elementor-page-title elementor-widget-heading\" data-id=\"8d9d095\" data-element_type=\"widget\" data-widget_type=\"theme-post-title.default\">\n\t\t\t\t<div class=\"elementor-widget-container\">\n\t\t\t\t\t<h1 class=\"elementor-heading-title elementor-size-default\">Rituel hammam marocain \u00e0 la maison : purifier, exfolier, sublimer<\/h1>\t\t\t\t<\/div>\n\t\t\t\t<\/div>\n\t\t\t\t<div class=\"elementor-element elementor-element-5624363 elementor-widget elementor-widget-theme-post-excerpt\" data-id=\"5624363\" data-element_type=\"widget\" data-widget_type=\"theme-post-excerpt.default\">\n\t\t\t\t<div class=\"elementor-widget-container\">\n\t\t\t\t\t<p>Introduction Le hammam est bien plus qu\u2019un simple bain de vapeur : c\u2019est un art de vivre, un h\u00e9ritage marocain<\/p>\t\t\t\t<\/div>\n\t\t\t\t<\/div>\n\t\t\t\t<div class=\"elementor-element elementor-element-4ab81d2 elementor-align-left elementor-widget elementor-widget-button\" data-id=\"4ab81d2\" data-element_type=\"widget\" data-widget_type=\"button.default\">\n\t\t\t\t<div class=\"elementor-widget-container\">\n\t\t\t\t\t\t\t\t\t<div class=\"elementor-button-wrapper\">\n\t\t\t\t\t<a class=\"elementor-button elementor-button-link elementor-size-sm\" href=\"https:\/\/zondyema.com\/index.php\/2025\/09\/15\/rituel-hammam-marocain-a-la-maison-purifier-exfolier-sublimer\/\">\n\t\t\t\t\t\t<span class=\"elementor-button-content-wrapper\">\n\t\t\t\t\t\t\t\t\t<span class=\"elementor-button-text\">Lire plus<\/span>\n\t\t\t\t\t<\/span>\n\t\t\t\t\t<\/a>\n\t\t\t\t<\/div>\n\t\t\t\t\t\t\t\t<\/div>\n\t\t\t\t<\/div>\n\t\t\t\t<\/div>\n\t\t\t\t\t<\/div>\n\t\t\t\t<\/div>\n\t\t\t\t<\/div>\n\t\t\t\t<div data-elementor-type=\"loop-item\" data-elementor-id=\"1180\" class=\"elementor elementor-1180 e-loop-item e-loop-item-1966 post-1966 post type-post status-publish format-standard has-post-thumbnail hentry category-visage\" data-elementor-post-type=\"elementor_library\" data-custom-edit-handle=\"1\">\n\t\t\t<div class=\"wd-negative-gap elementor-element elementor-element-8d38e0c e-flex e-con-boxed e-con e-parent\" data-id=\"8d38e0c\" data-element_type=\"container\">\n\t\t\t\t\t<div class=\"e-con-inner\">\n\t\t\t\t<div class=\"elementor-element elementor-element-88523db elementor-widget elementor-widget-theme-post-featured-image elementor-widget-image\" data-id=\"88523db\" data-element_type=\"widget\" data-widget_type=\"theme-post-featured-image.default\">\n\t\t\t\t<div class=\"elementor-widget-container\">\n\t\t\t\t\t\t\t\t\t\t\t\t\t\t\t<img loading=\"lazy\" decoding=\"async\" width=\"841\" height=\"536\" src=\"https:\/\/zondyema.com\/wp-content\/uploads\/2025\/06\/contact3.png\" class=\"attachment-full size-full wp-image-1059\" alt=\"\" srcset=\"https:\/\/zondyema.com\/wp-content\/uploads\/2025\/06\/contact3.png 841w, https:\/\/zondyema.com\/wp-content\/uploads\/2025\/06\/contact3-300x191.png 300w, https:\/\/zondyema.com\/wp-content\/uploads\/2025\/06\/contact3-768x489.png 768w, https:\/\/zondyema.com\/wp-content\/uploads\/2025\/06\/contact3-200x127.png 200w, https:\/\/zondyema.com\/wp-content\/uploads\/2025\/06\/contact3-150x96.png 150w\" sizes=\"(max-width: 841px) 100vw, 841px\" \/>\t\t\t\t\t\t\t\t\t\t\t\t\t\t\t<\/div>\n\t\t\t\t<\/div>\n\t\t<div class=\"elementor-element elementor-element-0ae2297 e-con-full e-flex e-con e-child\" data-id=\"0ae2297\" data-element_type=\"container\">\n\t\t\t\t<div class=\"elementor-element elementor-element-8d9d095 elementor-widget elementor-widget-theme-post-title elementor-page-title elementor-widget-heading\" data-id=\"8d9d095\" data-element_type=\"widget\" data-widget_type=\"theme-post-title.default\">\n\t\t\t\t<div class=\"elementor-widget-container\">\n\t\t\t\t\t<h1 class=\"elementor-heading-title elementor-size-default\">Huile d\u2019argan : comment l\u2019int\u00e9grer \u00e0 votre routine beaut\u00e9<\/h1>\t\t\t\t<\/div>\n\t\t\t\t<\/div>\n\t\t\t\t<div class=\"elementor-element elementor-element-5624363 elementor-widget elementor-widget-theme-post-excerpt\" data-id=\"5624363\" data-element_type=\"widget\" data-widget_type=\"theme-post-excerpt.default\">\n\t\t\t\t<div class=\"elementor-widget-container\">\n\t\t\t\t\t<p>Introduction L\u2019huile d\u2019argan est bien plus qu\u2019un simple ingr\u00e9dient cosm\u00e9tique. Issue d\u2019un savoir-faire ancestral, elle s\u00e9duit depuis des si\u00e8cles par<\/p>\t\t\t\t<\/div>\n\t\t\t\t<\/div>\n\t\t\t\t<div class=\"elementor-element elementor-element-4ab81d2 elementor-align-left elementor-widget elementor-widget-button\" data-id=\"4ab81d2\" data-element_type=\"widget\" data-widget_type=\"button.default\">\n\t\t\t\t<div class=\"elementor-widget-container\">\n\t\t\t\t\t\t\t\t\t<div class=\"elementor-button-wrapper\">\n\t\t\t\t\t<a class=\"elementor-button elementor-button-link elementor-size-sm\" href=\"https:\/\/zondyema.com\/index.php\/2025\/09\/15\/huile-dargan-comment-lintegrer-a-votre-routine-beaute\/\">\n\t\t\t\t\t\t<span class=\"elementor-button-content-wrapper\">\n\t\t\t\t\t\t\t\t\t<span class=\"elementor-button-text\">Lire plus<\/span>\n\t\t\t\t\t<\/span>\n\t\t\t\t\t<\/a>\n\t\t\t\t<\/div>\n\t\t\t\t\t\t\t\t<\/div>\n\t\t\t\t<\/div>\n\t\t\t\t<\/div>\n\t\t\t\t\t<\/div>\n\t\t\t\t<\/div>\n\t\t\t\t<\/div>\n\t\t\t\t<\/div>\n\t\t\n\t\t\t\t\t\t<\/div>\n\t\t\t\t<\/div>\n\t\t\t\t\t<\/div>\n\t\t\t\t<\/div>\n\t\t\t\t<\/div>\n\t\t","protected":false},"excerpt":{"rendered":"<p>R\u00e9v\u00e9lez l\u2019\u00e9clat naturel de votre peau avec des soins authentiquese inspir\u00e9s des rituels marocains.<\/p>\n","protected":false},"author":1,"featured_media":0,"parent":0,"menu_order":0,"comment_status":"closed","ping_status":"closed","template":"","meta":{"footnotes":""},"class_list":["post-1178","page","type-page","status-publish","hentry"],"yoast_head":"<!-- This site is optimized with the Yoast SEO plugin v27.1.1 - https:\/\/yoast.com\/product\/yoast-seo-wordpress\/ -->\n<title>actualites - Zondyema<\/title>\n<meta name=\"robots\" content=\"index, follow, max-snippet:-1, max-image-preview:large, max-video-preview:-1\" \/>\n<link rel=\"canonical\" href=\"https:\/\/zondyema.com\/index.php\/actualites\/\" \/>\n<meta property=\"og:locale\" content=\"fr_FR\" \/>\n<meta property=\"og:type\" content=\"article\" \/>\n<meta property=\"og:title\" content=\"actualites - Zondyema\" \/>\n<meta property=\"og:description\" content=\"R\u00e9v\u00e9lez l\u2019\u00e9clat naturel de votre peau avec des soins authentiquese inspir\u00e9s des rituels marocains.\" \/>\n<meta property=\"og:url\" content=\"https:\/\/zondyema.com\/index.php\/actualites\/\" \/>\n<meta property=\"og:site_name\" content=\"Zondyema\" \/>\n<meta property=\"article:modified_time\" content=\"2025-08-02T01:48:35+00:00\" \/>\n<meta property=\"og:image\" content=\"https:\/\/zondyema.com\/wp-content\/uploads\/2025\/06\/contact1.png\" \/>\n\t<meta property=\"og:image:width\" content=\"369\" \/>\n\t<meta property=\"og:image:height\" content=\"536\" \/>\n\t<meta property=\"og:image:type\" content=\"image\/png\" \/>\n<meta name=\"twitter:card\" content=\"summary_large_image\" \/>\n<script type=\"application\/ld+json\" class=\"yoast-schema-graph\">{\"@context\":\"https:\/\/schema.org\",\"@graph\":[{\"@type\":\"WebPage\",\"@id\":\"https:\/\/zondyema.com\/index.php\/actualites\/\",\"url\":\"https:\/\/zondyema.com\/index.php\/actualites\/\",\"name\":\"actualites - Zondyema\",\"isPartOf\":{\"@id\":\"https:\/\/zondyema.com\/#website\"},\"primaryImageOfPage\":{\"@id\":\"https:\/\/zondyema.com\/index.php\/actualites\/#primaryimage\"},\"image\":{\"@id\":\"https:\/\/zondyema.com\/index.php\/actualites\/#primaryimage\"},\"thumbnailUrl\":\"https:\/\/zondyema.com\/wp-content\/uploads\/2025\/06\/contact1.png\",\"datePublished\":\"2025-07-12T12:22:21+00:00\",\"dateModified\":\"2025-08-02T01:48:35+00:00\",\"breadcrumb\":{\"@id\":\"https:\/\/zondyema.com\/index.php\/actualites\/#breadcrumb\"},\"inLanguage\":\"fr-FR\",\"potentialAction\":[{\"@type\":\"ReadAction\",\"target\":[\"https:\/\/zondyema.com\/index.php\/actualites\/\"]}]},{\"@type\":\"ImageObject\",\"inLanguage\":\"fr-FR\",\"@id\":\"https:\/\/zondyema.com\/index.php\/actualites\/#primaryimage\",\"url\":\"https:\/\/zondyema.com\/wp-content\/uploads\/2025\/06\/contact1.png\",\"contentUrl\":\"https:\/\/zondyema.com\/wp-content\/uploads\/2025\/06\/contact1.png\",\"width\":369,\"height\":536},{\"@type\":\"BreadcrumbList\",\"@id\":\"https:\/\/zondyema.com\/index.php\/actualites\/#breadcrumb\",\"itemListElement\":[{\"@type\":\"ListItem\",\"position\":1,\"name\":\"Accueil\",\"item\":\"https:\/\/zondyema.com\/\"},{\"@type\":\"ListItem\",\"position\":2,\"name\":\"actualites\"}]},{\"@type\":\"WebSite\",\"@id\":\"https:\/\/zondyema.com\/#website\",\"url\":\"https:\/\/zondyema.com\/\",\"name\":\"Zondyema\",\"description\":\"\",\"potentialAction\":[{\"@type\":\"SearchAction\",\"target\":{\"@type\":\"EntryPoint\",\"urlTemplate\":\"https:\/\/zondyema.com\/?s={search_term_string}\"},\"query-input\":{\"@type\":\"PropertyValueSpecification\",\"valueRequired\":true,\"valueName\":\"search_term_string\"}}],\"inLanguage\":\"fr-FR\"}]}<\/script>\n<!-- \/ Yoast SEO plugin. -->","yoast_head_json":{"title":"actualites - Zondyema","robots":{"index":"index","follow":"follow","max-snippet":"max-snippet:-1","max-image-preview":"max-image-preview:large","max-video-preview":"max-video-preview:-1"},"canonical":"https:\/\/zondyema.com\/index.php\/actualites\/","og_locale":"fr_FR","og_type":"article","og_title":"actualites - Zondyema","og_description":"R\u00e9v\u00e9lez l\u2019\u00e9clat naturel de votre peau avec des soins authentiquese inspir\u00e9s des rituels marocains.","og_url":"https:\/\/zondyema.com\/index.php\/actualites\/","og_site_name":"Zondyema","article_modified_time":"2025-08-02T01:48:35+00:00","og_image":[{"width":369,"height":536,"url":"https:\/\/zondyema.com\/wp-content\/uploads\/2025\/06\/contact1.png","type":"image\/png"}],"twitter_card":"summary_large_image","schema":{"@context":"https:\/\/schema.org","@graph":[{"@type":"WebPage","@id":"https:\/\/zondyema.com\/index.php\/actualites\/","url":"https:\/\/zondyema.com\/index.php\/actualites\/","name":"actualites - Zondyema","isPartOf":{"@id":"https:\/\/zondyema.com\/#website"},"primaryImageOfPage":{"@id":"https:\/\/zondyema.com\/index.php\/actualites\/#primaryimage"},"image":{"@id":"https:\/\/zondyema.com\/index.php\/actualites\/#primaryimage"},"thumbnailUrl":"https:\/\/zondyema.com\/wp-content\/uploads\/2025\/06\/contact1.png","datePublished":"2025-07-12T12:22:21+00:00","dateModified":"2025-08-02T01:48:35+00:00","breadcrumb":{"@id":"https:\/\/zondyema.com\/index.php\/actualites\/#breadcrumb"},"inLanguage":"fr-FR","potentialAction":[{"@type":"ReadAction","target":["https:\/\/zondyema.com\/index.php\/actualites\/"]}]},{"@type":"ImageObject","inLanguage":"fr-FR","@id":"https:\/\/zondyema.com\/index.php\/actualites\/#primaryimage","url":"https:\/\/zondyema.com\/wp-content\/uploads\/2025\/06\/contact1.png","contentUrl":"https:\/\/zondyema.com\/wp-content\/uploads\/2025\/06\/contact1.png","width":369,"height":536},{"@type":"BreadcrumbList","@id":"https:\/\/zondyema.com\/index.php\/actualites\/#breadcrumb","itemListElement":[{"@type":"ListItem","position":1,"name":"Accueil","item":"https:\/\/zondyema.com\/"},{"@type":"ListItem","position":2,"name":"actualites"}]},{"@type":"WebSite","@id":"https:\/\/zondyema.com\/#website","url":"https:\/\/zondyema.com\/","name":"Zondyema","description":"","potentialAction":[{"@type":"SearchAction","target":{"@type":"EntryPoint","urlTemplate":"https:\/\/zondyema.com\/?s={search_term_string}"},"query-input":{"@type":"PropertyValueSpecification","valueRequired":true,"valueName":"search_term_string"}}],"inLanguage":"fr-FR"}]}},"_links":{"self":[{"href":"https:\/\/zondyema.com\/index.php\/wp-json\/wp\/v2\/pages\/1178","targetHints":{"allow":["GET"]}}],"collection":[{"href":"https:\/\/zondyema.com\/index.php\/wp-json\/wp\/v2\/pages"}],"about":[{"href":"https:\/\/zondyema.com\/index.php\/wp-json\/wp\/v2\/types\/page"}],"author":[{"embeddable":true,"href":"https:\/\/zondyema.com\/index.php\/wp-json\/wp\/v2\/users\/1"}],"replies":[{"embeddable":true,"href":"https:\/\/zondyema.com\/index.php\/wp-json\/wp\/v2\/comments?post=1178"}],"version-history":[{"count":0,"href":"https:\/\/zondyema.com\/index.php\/wp-json\/wp\/v2\/pages\/1178\/revisions"}],"wp:attachment":[{"href":"https:\/\/zondyema.com\/index.php\/wp-json\/wp\/v2\/media?parent=1178"}],"curies":[{"name":"wp","href":"https:\/\/api.w.org\/{rel}","templated":true}]}}